{"id":48,"date":"2022-11-22T14:34:43","date_gmt":"2022-11-22T14:34:43","guid":{"rendered":"https:\/\/bookings.pantheas.com\/?post_type=product&#038;p=48"},"modified":"2022-11-22T14:34:43","modified_gmt":"2022-11-22T14:34:43","slug":"suite-ethnic-chic","status":"publish","type":"product","link":"https:\/\/bookings.pantheas.com\/?product=suite-ethnic-chic","title":{"rendered":"Suite Ethnic chic"},"content":{"rendered":"<p>Une invitation au voyage, \u00e0 la d\u00e9tente pour cette suite de 5O m2 \u00e0 l\u2019atmosph\u00e8re chaleureuse. Son grand lit en bois exotique int\u00e8gre une baignoire baln\u00e9oth\u00e9rapie pour un vrai moment cocooning.<br \/>\nLit king size<br \/>\nDouche \u00e0l\u2019italienne<br \/>\nBaignoire baln\u00e9o<br \/>\nFrigo top<br \/>\nPlateau de courtoisie et bouilloire<br \/>\n2 TV<br \/>\nCoin salon<br \/>\nWC s\u00e9par\u00e9<br \/>\nClimatisation<br \/>\nTerrasse privative avec salon de jardin<br \/>\nPetit d\u00e9jeuner compris<br \/>\nchambre non fumeur<\/p>\n","protected":false},"excerpt":{"rendered":"<p>Une invitation au voyage, \u00e0 la d\u00e9tente pour cette suite de 5O m2 \u00e0 l\u2019atmosph\u00e8re chaleureuse. Son grand lit en bois exotique int\u00e8gre une baignoire baln\u00e9oth\u00e9rapie pour un vrai moment cocooning.<\/p>\n","protected":false},"featured_media":49,"comment_status":"open","ping_status":"closed","template":"","meta":[],"product_cat":[16],"product_tag":[],"_links":{"self":[{"href":"https:\/\/bookings.pantheas.com\/index.php?rest_route=\/wp\/v2\/product\/48"}],"collection":[{"href":"https:\/\/bookings.pantheas.com\/index.php?rest_route=\/wp\/v2\/product"}],"about":[{"href":"https:\/\/bookings.pantheas.com\/index.php?rest_route=\/wp\/v2\/types\/product"}],"replies":[{"embeddable":true,"href":"https:\/\/bookings.pantheas.com\/index.php?rest_route=%2Fwp%2Fv2%2Fcomments&post=48"}],"wp:featuredmedia":[{"embeddable":true,"href":"https:\/\/bookings.pantheas.com\/index.php?rest_route=\/wp\/v2\/media\/49"}],"wp:attachment":[{"href":"https:\/\/bookings.pantheas.com\/index.php?rest_route=%2Fwp%2Fv2%2Fmedia&parent=48"}],"wp:term":[{"taxonomy":"product_cat","embeddable":true,"href":"https:\/\/bookings.pantheas.com\/index.php?rest_route=%2Fwp%2Fv2%2Fproduct_cat&post=48"},{"taxonomy":"product_tag","embeddable":true,"href":"https:\/\/bookings.pantheas.com\/index.php?rest_route=%2Fwp%2Fv2%2Fproduct_tag&post=48"}],"curies":[{"name":"wp","href":"https:\/\/api.w.org\/{rel}","templated":true}]}}