{"id":47,"date":"2022-11-22T14:29:31","date_gmt":"2022-11-22T14:29:31","guid":{"rendered":"https:\/\/bookings.pantheas.com\/?post_type=product&#038;p=47"},"modified":"2022-11-22T14:29:31","modified_gmt":"2022-11-22T14:29:31","slug":"chambre-belle-epoque","status":"publish","type":"product","link":"https:\/\/bookings.pantheas.com\/?product=chambre-belle-epoque","title":{"rendered":"Chambre Belle \u00e9poque"},"content":{"rendered":"<p>La chambre de 32 m2 \u00e0 la d\u00e9coration chic et color\u00e9e, un brin r\u00e9tro avec une combinaison de vert et dor\u00e9, l\u2019\u00e9l\u00e9gance du bois et l\u2019originalit\u00e9 de la t\u00eate de lit artisanale.<br \/>\nLit king size<br \/>\nDouche \u00e0 l\u2019italienne<br \/>\nBaignoire baln\u00e9o<br \/>\nWC s\u00e9par\u00e9<br \/>\nCoin salon<br \/>\nClimatisation<br \/>\nTerrasse privative avec salon de jardin<br \/>\nFrigo Top<br \/>\nPlateau de courtoisie et bouilloire<br \/>\nPetit d\u00e9jeuner compris<br \/>\nChambre non fumeur<\/p>\n","protected":false},"excerpt":{"rendered":"<p>La chambre de 32 m2 \u00e0 la d\u00e9coration chic et color\u00e9e, un brin r\u00e9tro avec une combinaison de vert et dor\u00e9, l\u2019\u00e9l\u00e9gance du bois et l\u2019originalit\u00e9 de la t\u00eate de lit artisanale.<\/p>\n","protected":false},"featured_media":13,"comment_status":"open","ping_status":"closed","template":"","meta":[],"product_cat":[16],"product_tag":[],"_links":{"self":[{"href":"https:\/\/bookings.pantheas.com\/index.php?rest_route=\/wp\/v2\/product\/47"}],"collection":[{"href":"https:\/\/bookings.pantheas.com\/index.php?rest_route=\/wp\/v2\/product"}],"about":[{"href":"https:\/\/bookings.pantheas.com\/index.php?rest_route=\/wp\/v2\/types\/product"}],"replies":[{"embeddable":true,"href":"https:\/\/bookings.pantheas.com\/index.php?rest_route=%2Fwp%2Fv2%2Fcomments&post=47"}],"wp:featuredmedia":[{"embeddable":true,"href":"https:\/\/bookings.pantheas.com\/index.php?rest_route=\/wp\/v2\/media\/13"}],"wp:attachment":[{"href":"https:\/\/bookings.pantheas.com\/index.php?rest_route=%2Fwp%2Fv2%2Fmedia&parent=47"}],"wp:term":[{"taxonomy":"product_cat","embeddable":true,"href":"https:\/\/bookings.pantheas.com\/index.php?rest_route=%2Fwp%2Fv2%2Fproduct_cat&post=47"},{"taxonomy":"product_tag","embeddable":true,"href":"https:\/\/bookings.pantheas.com\/index.php?rest_route=%2Fwp%2Fv2%2Fproduct_tag&post=47"}],"curies":[{"name":"wp","href":"https:\/\/api.w.org\/{rel}","templated":true}]}}