{"id":41,"date":"2022-11-22T14:26:44","date_gmt":"2022-11-22T14:26:44","guid":{"rendered":"https:\/\/bookings.pantheas.com\/?post_type=product&#038;p=41"},"modified":"2022-11-22T14:26:44","modified_gmt":"2022-11-22T14:26:44","slug":"suite-romantique","status":"publish","type":"product","link":"https:\/\/bookings.pantheas.com\/?product=suite-romantique","title":{"rendered":"suite romantique"},"content":{"rendered":"<p>Une atmosph\u00e8re douce et p\u00e9tillante pour cette suite de 40 m2, un grand lit rond au pied de sa baignoire \u00eelot pour une parenth\u00e8se romantique.<br \/>\nGrand lit rond Diam\u00e8tre 215 cm<br \/>\nDouche \u00e0 l\u2019italienne<br \/>\nBaignoire<br \/>\nWC s\u00e9par\u00e9<br \/>\nCoin salon<br \/>\nClimatisation<br \/>\nTerrasse privative avec salon de jardin<br \/>\nSpa privatif sous la bulle<br \/>\nFrigo Top<br \/>\nPlateau de courtoisie et bouilloire<br \/>\nPetit d\u00e9jeuner compris<br \/>\nChambre non fumeur<\/p>\n","protected":false},"excerpt":{"rendered":"<p>Une atmosph\u00e8re douce et p\u00e9tillante pour cette suite de 40 m2, un grand lit rond au pied de sa baignoire \u00eelot pour une parenth\u00e8se romantique.<\/p>\n","protected":false},"featured_media":45,"comment_status":"closed","ping_status":"closed","template":"","meta":[],"product_cat":[16],"product_tag":[],"_links":{"self":[{"href":"https:\/\/bookings.pantheas.com\/index.php?rest_route=\/wp\/v2\/product\/41"}],"collection":[{"href":"https:\/\/bookings.pantheas.com\/index.php?rest_route=\/wp\/v2\/product"}],"about":[{"href":"https:\/\/bookings.pantheas.com\/index.php?rest_route=\/wp\/v2\/types\/product"}],"replies":[{"embeddable":true,"href":"https:\/\/bookings.pantheas.com\/index.php?rest_route=%2Fwp%2Fv2%2Fcomments&post=41"}],"wp:featuredmedia":[{"embeddable":true,"href":"https:\/\/bookings.pantheas.com\/index.php?rest_route=\/wp\/v2\/media\/45"}],"wp:attachment":[{"href":"https:\/\/bookings.pantheas.com\/index.php?rest_route=%2Fwp%2Fv2%2Fmedia&parent=41"}],"wp:term":[{"taxonomy":"product_cat","embeddable":true,"href":"https:\/\/bookings.pantheas.com\/index.php?rest_route=%2Fwp%2Fv2%2Fproduct_cat&post=41"},{"taxonomy":"product_tag","embeddable":true,"href":"https:\/\/bookings.pantheas.com\/index.php?rest_route=%2Fwp%2Fv2%2Fproduct_tag&post=41"}],"curies":[{"name":"wp","href":"https:\/\/api.w.org\/{rel}","templated":true}]}}